{"id":8,"date":"2021-12-17T09:06:27","date_gmt":"2021-12-17T08:06:27","guid":{"rendered":"https:\/\/riversea.pl\/?page_id=8"},"modified":"2025-08-05T12:15:25","modified_gmt":"2025-08-05T10:15:25","slug":"strona-glowna","status":"publish","type":"page","link":"https:\/\/dwor-hubertus.pl\/en\/","title":{"rendered":"Strona g\u0142\u00f3wna"},"content":{"rendered":"","protected":false},"excerpt":{"rendered":"","protected":false},"author":3,"featured_media":0,"parent":0,"menu_order":0,"comment_status":"closed","ping_status":"closed","template":"","meta":{"_acf_changed":false,"footnotes":""},"class_list":["post-8","page","type-page","status-publish","hentry"],"acf":[],"yoast_head":"<!-- This site is optimized with the Yoast SEO plugin v26.8 - https:\/\/yoast.com\/product\/yoast-seo-wordpress\/ -->\n<title>Dw\u00f3r My\u015bliwski Hubertus - Noclegi blisko Opola<\/title>\n<meta name=\"description\" content=\"Hubertus jest idealnym miejscem zar\u00f3wno dla os\u00f3b indywidualnych i klient\u00f3w biznesowych, kt\u00f3rzy chcieliby odpocz\u0105\u0107 od gwaru miasta. Przytulna atmosfera tego miejsca sprzyja organizowaniu wszelkich imprez integracyjnych dla pracownik\u00f3w firmy, kt\u00f3rzy b\u0119d\u0105 zachwyceni, aby oderwa\u0107 si\u0119 od codziennych trosk i problem\u00f3w.\" \/>\n<meta name=\"robots\" content=\"index, follow, max-snippet:-1, max-image-preview:large, max-video-preview:-1\" \/>\n<link rel=\"canonical\" href=\"https:\/\/dwor-hubertus.pl\/en\/\" \/>\n<meta property=\"og:locale\" content=\"en_GB\" \/>\n<meta property=\"og:type\" content=\"article\" \/>\n<meta property=\"og:title\" content=\"Dw\u00f3r My\u015bliwski Hubertus - Noclegi blisko Opola\" \/>\n<meta property=\"og:description\" content=\"Hubertus jest idealnym miejscem zar\u00f3wno dla os\u00f3b indywidualnych i klient\u00f3w biznesowych, kt\u00f3rzy chcieliby odpocz\u0105\u0107 od gwaru miasta. Przytulna atmosfera tego miejsca sprzyja organizowaniu wszelkich imprez integracyjnych dla pracownik\u00f3w firmy, kt\u00f3rzy b\u0119d\u0105 zachwyceni, aby oderwa\u0107 si\u0119 od codziennych trosk i problem\u00f3w.\" \/>\n<meta property=\"og:url\" content=\"https:\/\/dwor-hubertus.pl\/en\/\" \/>\n<meta property=\"og:site_name\" content=\"Dw\u00f3r My\u015bliwski Hubertus\" \/>\n<meta property=\"article:publisher\" content=\"https:\/\/www.facebook.com\/p\/Ma%c5%82a-Osada-Domki-Szczyrk-100040870793864\" \/>\n<meta property=\"article:modified_time\" content=\"2025-08-05T10:15:25+00:00\" \/>\n<meta name=\"twitter:card\" content=\"summary_large_image\" \/>\n<meta name=\"twitter:label1\" content=\"Estimated reading time\" \/>\n\t<meta name=\"twitter:data1\" content=\"4 minutes\" \/>\n<script type=\"application\/ld+json\" class=\"yoast-schema-graph\">{\"@context\":\"https:\/\/schema.org\",\"@graph\":[{\"@type\":\"WebPage\",\"@id\":\"https:\/\/dwor-hubertus.pl\/\",\"url\":\"https:\/\/dwor-hubertus.pl\/\",\"name\":\"Dw\u00f3r My\u015bliwski Hubertus - Noclegi blisko Opola\",\"isPartOf\":{\"@id\":\"https:\/\/dwor-hubertus.pl\/#website\"},\"datePublished\":\"2021-12-17T08:06:27+00:00\",\"dateModified\":\"2025-08-05T10:15:25+00:00\",\"description\":\"Hubertus jest idealnym miejscem zar\u00f3wno dla os\u00f3b indywidualnych i klient\u00f3w biznesowych, kt\u00f3rzy chcieliby odpocz\u0105\u0107 od gwaru miasta. Przytulna atmosfera tego miejsca sprzyja organizowaniu wszelkich imprez integracyjnych dla pracownik\u00f3w firmy, kt\u00f3rzy b\u0119d\u0105 zachwyceni, aby oderwa\u0107 si\u0119 od codziennych trosk i problem\u00f3w.\",\"breadcrumb\":{\"@id\":\"https:\/\/dwor-hubertus.pl\/#breadcrumb\"},\"inLanguage\":\"en-GB\",\"potentialAction\":[{\"@type\":\"ReadAction\",\"target\":[\"https:\/\/dwor-hubertus.pl\/\"]}]},{\"@type\":\"BreadcrumbList\",\"@id\":\"https:\/\/dwor-hubertus.pl\/#breadcrumb\",\"itemListElement\":[{\"@type\":\"ListItem\",\"position\":1,\"name\":\"Strona g\u0142\u00f3wna\",\"item\":\"https:\/\/dwor-hubertus.pl\/\"},{\"@type\":\"ListItem\",\"position\":2,\"name\":\"Strona g\u0142\u00f3wna\"}]},{\"@type\":\"WebSite\",\"@id\":\"https:\/\/dwor-hubertus.pl\/#website\",\"url\":\"https:\/\/dwor-hubertus.pl\/\",\"name\":\"Dw\u00f3r My\u015bliwski Hubertus\",\"description\":\"Noclegi blisko Opola\",\"publisher\":{\"@id\":\"https:\/\/dwor-hubertus.pl\/#organization\"},\"potentialAction\":[{\"@type\":\"SearchAction\",\"target\":{\"@type\":\"EntryPoint\",\"urlTemplate\":\"https:\/\/dwor-hubertus.pl\/?s={search_term_string}\"},\"query-input\":{\"@type\":\"PropertyValueSpecification\",\"valueRequired\":true,\"valueName\":\"search_term_string\"}}],\"inLanguage\":\"en-GB\"},{\"@type\":\"Organization\",\"@id\":\"https:\/\/dwor-hubertus.pl\/#organization\",\"name\":\"Dw\u00f3r My\u015bliwski Hubertus\",\"url\":\"https:\/\/dwor-hubertus.pl\/\",\"logo\":{\"@type\":\"ImageObject\",\"inLanguage\":\"en-GB\",\"@id\":\"https:\/\/dwor-hubertus.pl\/#\/schema\/logo\/image\/\",\"url\":\"\",\"contentUrl\":\"\",\"caption\":\"Dw\u00f3r My\u015bliwski Hubertus\"},\"image\":{\"@id\":\"https:\/\/dwor-hubertus.pl\/#\/schema\/logo\/image\/\"},\"sameAs\":[\"https:\/\/www.facebook.com\/p\/Ma\u0142a-Osada-Domki-Szczyrk-100040870793864\"]}]}<\/script>\n<!-- \/ Yoast SEO plugin. -->","yoast_head_json":{"title":"Dw\u00f3r My\u015bliwski Hubertus - Noclegi blisko Opola","description":"Hubertus jest idealnym miejscem zar\u00f3wno dla os\u00f3b indywidualnych i klient\u00f3w biznesowych, kt\u00f3rzy chcieliby odpocz\u0105\u0107 od gwaru miasta. Przytulna atmosfera tego miejsca sprzyja organizowaniu wszelkich imprez integracyjnych dla pracownik\u00f3w firmy, kt\u00f3rzy b\u0119d\u0105 zachwyceni, aby oderwa\u0107 si\u0119 od codziennych trosk i problem\u00f3w.","robots":{"index":"index","follow":"follow","max-snippet":"max-snippet:-1","max-image-preview":"max-image-preview:large","max-video-preview":"max-video-preview:-1"},"canonical":"https:\/\/dwor-hubertus.pl\/en\/","og_locale":"en_GB","og_type":"article","og_title":"Dw\u00f3r My\u015bliwski Hubertus - Noclegi blisko Opola","og_description":"Hubertus jest idealnym miejscem zar\u00f3wno dla os\u00f3b indywidualnych i klient\u00f3w biznesowych, kt\u00f3rzy chcieliby odpocz\u0105\u0107 od gwaru miasta. Przytulna atmosfera tego miejsca sprzyja organizowaniu wszelkich imprez integracyjnych dla pracownik\u00f3w firmy, kt\u00f3rzy b\u0119d\u0105 zachwyceni, aby oderwa\u0107 si\u0119 od codziennych trosk i problem\u00f3w.","og_url":"https:\/\/dwor-hubertus.pl\/en\/","og_site_name":"Dw\u00f3r My\u015bliwski Hubertus","article_publisher":"https:\/\/www.facebook.com\/p\/Ma%c5%82a-Osada-Domki-Szczyrk-100040870793864","article_modified_time":"2025-08-05T10:15:25+00:00","twitter_card":"summary_large_image","twitter_misc":{"Estimated reading time":"4 minutes"},"schema":{"@context":"https:\/\/schema.org","@graph":[{"@type":"WebPage","@id":"https:\/\/dwor-hubertus.pl\/","url":"https:\/\/dwor-hubertus.pl\/","name":"Dw\u00f3r My\u015bliwski Hubertus - Noclegi blisko Opola","isPartOf":{"@id":"https:\/\/dwor-hubertus.pl\/#website"},"datePublished":"2021-12-17T08:06:27+00:00","dateModified":"2025-08-05T10:15:25+00:00","description":"Hubertus jest idealnym miejscem zar\u00f3wno dla os\u00f3b indywidualnych i klient\u00f3w biznesowych, kt\u00f3rzy chcieliby odpocz\u0105\u0107 od gwaru miasta. Przytulna atmosfera tego miejsca sprzyja organizowaniu wszelkich imprez integracyjnych dla pracownik\u00f3w firmy, kt\u00f3rzy b\u0119d\u0105 zachwyceni, aby oderwa\u0107 si\u0119 od codziennych trosk i problem\u00f3w.","breadcrumb":{"@id":"https:\/\/dwor-hubertus.pl\/#breadcrumb"},"inLanguage":"en-GB","potentialAction":[{"@type":"ReadAction","target":["https:\/\/dwor-hubertus.pl\/"]}]},{"@type":"BreadcrumbList","@id":"https:\/\/dwor-hubertus.pl\/#breadcrumb","itemListElement":[{"@type":"ListItem","position":1,"name":"Strona g\u0142\u00f3wna","item":"https:\/\/dwor-hubertus.pl\/"},{"@type":"ListItem","position":2,"name":"Strona g\u0142\u00f3wna"}]},{"@type":"WebSite","@id":"https:\/\/dwor-hubertus.pl\/#website","url":"https:\/\/dwor-hubertus.pl\/","name":"Dw\u00f3r My\u015bliwski Hubertus","description":"Accommodation near Opole","publisher":{"@id":"https:\/\/dwor-hubertus.pl\/#organization"},"potentialAction":[{"@type":"SearchAction","target":{"@type":"EntryPoint","urlTemplate":"https:\/\/dwor-hubertus.pl\/?s={search_term_string}"},"query-input":{"@type":"PropertyValueSpecification","valueRequired":true,"valueName":"search_term_string"}}],"inLanguage":"en-GB"},{"@type":"Organization","@id":"https:\/\/dwor-hubertus.pl\/#organization","name":"Dw\u00f3r My\u015bliwski Hubertus","url":"https:\/\/dwor-hubertus.pl\/","logo":{"@type":"ImageObject","inLanguage":"en-GB","@id":"https:\/\/dwor-hubertus.pl\/#\/schema\/logo\/image\/","url":"","contentUrl":"","caption":"Dw\u00f3r My\u015bliwski Hubertus"},"image":{"@id":"https:\/\/dwor-hubertus.pl\/#\/schema\/logo\/image\/"},"sameAs":["https:\/\/www.facebook.com\/p\/Ma\u0142a-Osada-Domki-Szczyrk-100040870793864"]}]}},"_links":{"self":[{"href":"https:\/\/dwor-hubertus.pl\/en\/wp-json\/wp\/v2\/pages\/8","targetHints":{"allow":["GET"]}}],"collection":[{"href":"https:\/\/dwor-hubertus.pl\/en\/wp-json\/wp\/v2\/pages"}],"about":[{"href":"https:\/\/dwor-hubertus.pl\/en\/wp-json\/wp\/v2\/types\/page"}],"author":[{"embeddable":true,"href":"https:\/\/dwor-hubertus.pl\/en\/wp-json\/wp\/v2\/users\/3"}],"replies":[{"embeddable":true,"href":"https:\/\/dwor-hubertus.pl\/en\/wp-json\/wp\/v2\/comments?post=8"}],"version-history":[{"count":2,"href":"https:\/\/dwor-hubertus.pl\/en\/wp-json\/wp\/v2\/pages\/8\/revisions"}],"predecessor-version":[{"id":2238,"href":"https:\/\/dwor-hubertus.pl\/en\/wp-json\/wp\/v2\/pages\/8\/revisions\/2238"}],"wp:attachment":[{"href":"https:\/\/dwor-hubertus.pl\/en\/wp-json\/wp\/v2\/media?parent=8"}],"curies":[{"name":"wp","href":"https:\/\/api.w.org\/{rel}","templated":true}]}}