{"id":2139,"date":"2025-05-22T08:55:06","date_gmt":"2025-05-22T06:55:06","guid":{"rendered":"https:\/\/hubertus.nfhotel.usermd.net\/?page_id=2139"},"modified":"2025-06-10T12:11:45","modified_gmt":"2025-06-10T10:11:45","slug":"imprezy-okolicznosciowe","status":"publish","type":"page","link":"https:\/\/dwor-hubertus.pl\/en\/imprezy-okolicznosciowe\/","title":{"rendered":"Occasional Events"},"content":{"rendered":"","protected":false},"excerpt":{"rendered":"","protected":false},"author":3,"featured_media":1863,"parent":0,"menu_order":0,"comment_status":"closed","ping_status":"closed","template":"","meta":{"_acf_changed":false,"footnotes":""},"class_list":["post-2139","page","type-page","status-publish","has-post-thumbnail","hentry"],"acf":[],"yoast_head":"<!-- This site is optimized with the Yoast SEO plugin v26.8 - https:\/\/yoast.com\/product\/yoast-seo-wordpress\/ -->\n<title>Imprezy Okoliczno\u015bciowe - Dw\u00f3r My\u015bliwski Hubertus<\/title>\n<meta name=\"description\" content=\"Zorganizuj niezapomniane wesele w Dworze Hubertus w Brynicy ko\u0142o Opola! Pi\u0119kny plener, elegancka sala, wy\u015bmienite menu i kompleksowa organizacja sprawi\u0105, \u017ce Twoja uroczysto\u015b\u0107 b\u0119dzie wyj\u0105tkowa. Sprawd\u017a nasz\u0105 ofert\u0119 weseln\u0105!\" \/>\n<meta name=\"robots\" content=\"index, follow, max-snippet:-1, max-image-preview:large, max-video-preview:-1\" \/>\n<link rel=\"canonical\" href=\"https:\/\/dwor-hubertus.pl\/en\/imprezy-okolicznosciowe\/\" \/>\n<meta property=\"og:locale\" content=\"en_GB\" \/>\n<meta property=\"og:type\" content=\"article\" \/>\n<meta property=\"og:title\" content=\"Imprezy Okoliczno\u015bciowe - Dw\u00f3r My\u015bliwski Hubertus\" \/>\n<meta property=\"og:description\" content=\"Zorganizuj niezapomniane wesele w Dworze Hubertus w Brynicy ko\u0142o Opola! Pi\u0119kny plener, elegancka sala, wy\u015bmienite menu i kompleksowa organizacja sprawi\u0105, \u017ce Twoja uroczysto\u015b\u0107 b\u0119dzie wyj\u0105tkowa. Sprawd\u017a nasz\u0105 ofert\u0119 weseln\u0105!\" \/>\n<meta property=\"og:url\" content=\"https:\/\/dwor-hubertus.pl\/en\/imprezy-okolicznosciowe\/\" \/>\n<meta property=\"og:site_name\" content=\"Dw\u00f3r My\u015bliwski Hubertus\" \/>\n<meta property=\"article:publisher\" content=\"https:\/\/www.facebook.com\/p\/Ma%c5%82a-Osada-Domki-Szczyrk-100040870793864\" \/>\n<meta property=\"article:modified_time\" content=\"2025-06-10T10:11:45+00:00\" \/>\n<meta property=\"og:image\" content=\"https:\/\/dwor-hubertus.pl\/wp-content\/uploads\/2025\/02\/35-2.jpg\" \/>\n\t<meta property=\"og:image:width\" content=\"1296\" \/>\n\t<meta property=\"og:image:height\" content=\"864\" \/>\n\t<meta property=\"og:image:type\" content=\"image\/jpeg\" \/>\n<meta name=\"twitter:card\" content=\"summary_large_image\" \/>\n<meta name=\"twitter:label1\" content=\"Estimated reading time\" \/>\n\t<meta name=\"twitter:data1\" content=\"5 minutes\" \/>\n<script type=\"application\/ld+json\" class=\"yoast-schema-graph\">{\"@context\":\"https:\/\/schema.org\",\"@graph\":[{\"@type\":\"WebPage\",\"@id\":\"https:\/\/dwor-hubertus.pl\/imprezy-okolicznosciowe\/\",\"url\":\"https:\/\/dwor-hubertus.pl\/imprezy-okolicznosciowe\/\",\"name\":\"Imprezy Okoliczno\u015bciowe - Dw\u00f3r My\u015bliwski Hubertus\",\"isPartOf\":{\"@id\":\"https:\/\/dwor-hubertus.pl\/#website\"},\"primaryImageOfPage\":{\"@id\":\"https:\/\/dwor-hubertus.pl\/imprezy-okolicznosciowe\/#primaryimage\"},\"image\":{\"@id\":\"https:\/\/dwor-hubertus.pl\/imprezy-okolicznosciowe\/#primaryimage\"},\"thumbnailUrl\":\"https:\/\/dwor-hubertus.pl\/wp-content\/uploads\/2025\/02\/35-2.jpg\",\"datePublished\":\"2025-05-22T06:55:06+00:00\",\"dateModified\":\"2025-06-10T10:11:45+00:00\",\"description\":\"Zorganizuj niezapomniane wesele w Dworze Hubertus w Brynicy ko\u0142o Opola! Pi\u0119kny plener, elegancka sala, wy\u015bmienite menu i kompleksowa organizacja sprawi\u0105, \u017ce Twoja uroczysto\u015b\u0107 b\u0119dzie wyj\u0105tkowa. Sprawd\u017a nasz\u0105 ofert\u0119 weseln\u0105!\",\"breadcrumb\":{\"@id\":\"https:\/\/dwor-hubertus.pl\/imprezy-okolicznosciowe\/#breadcrumb\"},\"inLanguage\":\"en-GB\",\"potentialAction\":[{\"@type\":\"ReadAction\",\"target\":[\"https:\/\/dwor-hubertus.pl\/imprezy-okolicznosciowe\/\"]}]},{\"@type\":\"ImageObject\",\"inLanguage\":\"en-GB\",\"@id\":\"https:\/\/dwor-hubertus.pl\/imprezy-okolicznosciowe\/#primaryimage\",\"url\":\"https:\/\/dwor-hubertus.pl\/wp-content\/uploads\/2025\/02\/35-2.jpg\",\"contentUrl\":\"https:\/\/dwor-hubertus.pl\/wp-content\/uploads\/2025\/02\/35-2.jpg\",\"width\":1296,\"height\":864},{\"@type\":\"BreadcrumbList\",\"@id\":\"https:\/\/dwor-hubertus.pl\/imprezy-okolicznosciowe\/#breadcrumb\",\"itemListElement\":[{\"@type\":\"ListItem\",\"position\":1,\"name\":\"Strona g\u0142\u00f3wna\",\"item\":\"https:\/\/dwor-hubertus.pl\/\"},{\"@type\":\"ListItem\",\"position\":2,\"name\":\"Imprezy Okoliczno\u015bciowe\"}]},{\"@type\":\"WebSite\",\"@id\":\"https:\/\/dwor-hubertus.pl\/#website\",\"url\":\"https:\/\/dwor-hubertus.pl\/\",\"name\":\"Dw\u00f3r My\u015bliwski Hubertus\",\"description\":\"Noclegi blisko Opola\",\"publisher\":{\"@id\":\"https:\/\/dwor-hubertus.pl\/#organization\"},\"potentialAction\":[{\"@type\":\"SearchAction\",\"target\":{\"@type\":\"EntryPoint\",\"urlTemplate\":\"https:\/\/dwor-hubertus.pl\/?s={search_term_string}\"},\"query-input\":{\"@type\":\"PropertyValueSpecification\",\"valueRequired\":true,\"valueName\":\"search_term_string\"}}],\"inLanguage\":\"en-GB\"},{\"@type\":\"Organization\",\"@id\":\"https:\/\/dwor-hubertus.pl\/#organization\",\"name\":\"Dw\u00f3r My\u015bliwski Hubertus\",\"url\":\"https:\/\/dwor-hubertus.pl\/\",\"logo\":{\"@type\":\"ImageObject\",\"inLanguage\":\"en-GB\",\"@id\":\"https:\/\/dwor-hubertus.pl\/#\/schema\/logo\/image\/\",\"url\":\"\",\"contentUrl\":\"\",\"caption\":\"Dw\u00f3r My\u015bliwski Hubertus\"},\"image\":{\"@id\":\"https:\/\/dwor-hubertus.pl\/#\/schema\/logo\/image\/\"},\"sameAs\":[\"https:\/\/www.facebook.com\/p\/Ma\u0142a-Osada-Domki-Szczyrk-100040870793864\"]}]}<\/script>\n<!-- \/ Yoast SEO plugin. -->","yoast_head_json":{"title":"Imprezy Okoliczno\u015bciowe - Dw\u00f3r My\u015bliwski Hubertus","description":"Zorganizuj niezapomniane wesele w Dworze Hubertus w Brynicy ko\u0142o Opola! Pi\u0119kny plener, elegancka sala, wy\u015bmienite menu i kompleksowa organizacja sprawi\u0105, \u017ce Twoja uroczysto\u015b\u0107 b\u0119dzie wyj\u0105tkowa. Sprawd\u017a nasz\u0105 ofert\u0119 weseln\u0105!","robots":{"index":"index","follow":"follow","max-snippet":"max-snippet:-1","max-image-preview":"max-image-preview:large","max-video-preview":"max-video-preview:-1"},"canonical":"https:\/\/dwor-hubertus.pl\/en\/imprezy-okolicznosciowe\/","og_locale":"en_GB","og_type":"article","og_title":"Imprezy Okoliczno\u015bciowe - Dw\u00f3r My\u015bliwski Hubertus","og_description":"Zorganizuj niezapomniane wesele w Dworze Hubertus w Brynicy ko\u0142o Opola! Pi\u0119kny plener, elegancka sala, wy\u015bmienite menu i kompleksowa organizacja sprawi\u0105, \u017ce Twoja uroczysto\u015b\u0107 b\u0119dzie wyj\u0105tkowa. Sprawd\u017a nasz\u0105 ofert\u0119 weseln\u0105!","og_url":"https:\/\/dwor-hubertus.pl\/en\/imprezy-okolicznosciowe\/","og_site_name":"Dw\u00f3r My\u015bliwski Hubertus","article_publisher":"https:\/\/www.facebook.com\/p\/Ma%c5%82a-Osada-Domki-Szczyrk-100040870793864","article_modified_time":"2025-06-10T10:11:45+00:00","og_image":[{"width":1296,"height":864,"url":"https:\/\/dwor-hubertus.pl\/wp-content\/uploads\/2025\/02\/35-2.jpg","type":"image\/jpeg"}],"twitter_card":"summary_large_image","twitter_misc":{"Estimated reading time":"5 minutes"},"schema":{"@context":"https:\/\/schema.org","@graph":[{"@type":"WebPage","@id":"https:\/\/dwor-hubertus.pl\/imprezy-okolicznosciowe\/","url":"https:\/\/dwor-hubertus.pl\/imprezy-okolicznosciowe\/","name":"Imprezy Okoliczno\u015bciowe - Dw\u00f3r My\u015bliwski Hubertus","isPartOf":{"@id":"https:\/\/dwor-hubertus.pl\/#website"},"primaryImageOfPage":{"@id":"https:\/\/dwor-hubertus.pl\/imprezy-okolicznosciowe\/#primaryimage"},"image":{"@id":"https:\/\/dwor-hubertus.pl\/imprezy-okolicznosciowe\/#primaryimage"},"thumbnailUrl":"https:\/\/dwor-hubertus.pl\/wp-content\/uploads\/2025\/02\/35-2.jpg","datePublished":"2025-05-22T06:55:06+00:00","dateModified":"2025-06-10T10:11:45+00:00","description":"Zorganizuj niezapomniane wesele w Dworze Hubertus w Brynicy ko\u0142o Opola! Pi\u0119kny plener, elegancka sala, wy\u015bmienite menu i kompleksowa organizacja sprawi\u0105, \u017ce Twoja uroczysto\u015b\u0107 b\u0119dzie wyj\u0105tkowa. Sprawd\u017a nasz\u0105 ofert\u0119 weseln\u0105!","breadcrumb":{"@id":"https:\/\/dwor-hubertus.pl\/imprezy-okolicznosciowe\/#breadcrumb"},"inLanguage":"en-GB","potentialAction":[{"@type":"ReadAction","target":["https:\/\/dwor-hubertus.pl\/imprezy-okolicznosciowe\/"]}]},{"@type":"ImageObject","inLanguage":"en-GB","@id":"https:\/\/dwor-hubertus.pl\/imprezy-okolicznosciowe\/#primaryimage","url":"https:\/\/dwor-hubertus.pl\/wp-content\/uploads\/2025\/02\/35-2.jpg","contentUrl":"https:\/\/dwor-hubertus.pl\/wp-content\/uploads\/2025\/02\/35-2.jpg","width":1296,"height":864},{"@type":"BreadcrumbList","@id":"https:\/\/dwor-hubertus.pl\/imprezy-okolicznosciowe\/#breadcrumb","itemListElement":[{"@type":"ListItem","position":1,"name":"Strona g\u0142\u00f3wna","item":"https:\/\/dwor-hubertus.pl\/"},{"@type":"ListItem","position":2,"name":"Imprezy Okoliczno\u015bciowe"}]},{"@type":"WebSite","@id":"https:\/\/dwor-hubertus.pl\/#website","url":"https:\/\/dwor-hubertus.pl\/","name":"Dw\u00f3r My\u015bliwski Hubertus","description":"Accommodation near Opole","publisher":{"@id":"https:\/\/dwor-hubertus.pl\/#organization"},"potentialAction":[{"@type":"SearchAction","target":{"@type":"EntryPoint","urlTemplate":"https:\/\/dwor-hubertus.pl\/?s={search_term_string}"},"query-input":{"@type":"PropertyValueSpecification","valueRequired":true,"valueName":"search_term_string"}}],"inLanguage":"en-GB"},{"@type":"Organization","@id":"https:\/\/dwor-hubertus.pl\/#organization","name":"Dw\u00f3r My\u015bliwski Hubertus","url":"https:\/\/dwor-hubertus.pl\/","logo":{"@type":"ImageObject","inLanguage":"en-GB","@id":"https:\/\/dwor-hubertus.pl\/#\/schema\/logo\/image\/","url":"","contentUrl":"","caption":"Dw\u00f3r My\u015bliwski Hubertus"},"image":{"@id":"https:\/\/dwor-hubertus.pl\/#\/schema\/logo\/image\/"},"sameAs":["https:\/\/www.facebook.com\/p\/Ma\u0142a-Osada-Domki-Szczyrk-100040870793864"]}]}},"_links":{"self":[{"href":"https:\/\/dwor-hubertus.pl\/en\/wp-json\/wp\/v2\/pages\/2139","targetHints":{"allow":["GET"]}}],"collection":[{"href":"https:\/\/dwor-hubertus.pl\/en\/wp-json\/wp\/v2\/pages"}],"about":[{"href":"https:\/\/dwor-hubertus.pl\/en\/wp-json\/wp\/v2\/types\/page"}],"author":[{"embeddable":true,"href":"https:\/\/dwor-hubertus.pl\/en\/wp-json\/wp\/v2\/users\/3"}],"replies":[{"embeddable":true,"href":"https:\/\/dwor-hubertus.pl\/en\/wp-json\/wp\/v2\/comments?post=2139"}],"version-history":[{"count":0,"href":"https:\/\/dwor-hubertus.pl\/en\/wp-json\/wp\/v2\/pages\/2139\/revisions"}],"wp:featuredmedia":[{"embeddable":true,"href":"https:\/\/dwor-hubertus.pl\/en\/wp-json\/wp\/v2\/media\/1863"}],"wp:attachment":[{"href":"https:\/\/dwor-hubertus.pl\/en\/wp-json\/wp\/v2\/media?parent=2139"}],"curies":[{"name":"wp","href":"https:\/\/api.w.org\/{rel}","templated":true}]}}