{"id":603,"date":"2022-02-11T15:17:58","date_gmt":"2022-02-11T14:17:58","guid":{"rendered":"https:\/\/riversea.pl\/?page_id=603"},"modified":"2025-06-10T12:26:03","modified_gmt":"2025-06-10T10:26:03","slug":"noclegi","status":"publish","type":"page","link":"https:\/\/dwor-hubertus.pl\/de\/noclegi\/","title":{"rendered":"Unterkunft"},"content":{"rendered":"","protected":false},"excerpt":{"rendered":"","protected":false},"author":3,"featured_media":1959,"parent":0,"menu_order":0,"comment_status":"closed","ping_status":"closed","template":"","meta":{"_acf_changed":false,"footnotes":""},"class_list":["post-603","page","type-page","status-publish","has-post-thumbnail","hentry"],"acf":[],"yoast_head":"<!-- This site is optimized with the Yoast SEO plugin v26.8 - https:\/\/yoast.com\/product\/yoast-seo-wordpress\/ -->\n<title>Noclegi - Dw\u00f3r My\u015bliwski Hubertus<\/title>\n<meta name=\"description\" content=\"Hubertus jest idealnym miejscem zar\u00f3wno dla os\u00f3b indywidualnych i klient\u00f3w biznesowych, kt\u00f3rzy chcieliby odpocz\u0105\u0107 od gwaru miasta. Przytulna atmosfera tego miejsca sprzyja organizowaniu wszelkich imprez integracyjnych dla pracownik\u00f3w firmy, kt\u00f3rzy b\u0119d\u0105 zachwyceni, aby oderwa\u0107 si\u0119 od codziennych trosk i problem\u00f3w.\" \/>\n<meta name=\"robots\" content=\"index, follow, max-snippet:-1, max-image-preview:large, max-video-preview:-1\" \/>\n<link rel=\"canonical\" href=\"https:\/\/dwor-hubertus.pl\/de\/noclegi\/\" \/>\n<meta property=\"og:locale\" content=\"de_DE\" \/>\n<meta property=\"og:type\" content=\"article\" \/>\n<meta property=\"og:title\" content=\"Noclegi - Dw\u00f3r My\u015bliwski Hubertus\" \/>\n<meta property=\"og:description\" content=\"Hubertus jest idealnym miejscem zar\u00f3wno dla os\u00f3b indywidualnych i klient\u00f3w biznesowych, kt\u00f3rzy chcieliby odpocz\u0105\u0107 od gwaru miasta. Przytulna atmosfera tego miejsca sprzyja organizowaniu wszelkich imprez integracyjnych dla pracownik\u00f3w firmy, kt\u00f3rzy b\u0119d\u0105 zachwyceni, aby oderwa\u0107 si\u0119 od codziennych trosk i problem\u00f3w.\" \/>\n<meta property=\"og:url\" content=\"https:\/\/dwor-hubertus.pl\/de\/noclegi\/\" \/>\n<meta property=\"og:site_name\" content=\"Dw\u00f3r My\u015bliwski Hubertus\" \/>\n<meta property=\"article:publisher\" content=\"https:\/\/www.facebook.com\/p\/Ma%c5%82a-Osada-Domki-Szczyrk-100040870793864\" \/>\n<meta property=\"article:modified_time\" content=\"2025-06-10T10:26:03+00:00\" \/>\n<meta property=\"og:image\" content=\"https:\/\/dwor-hubertus.pl\/wp-content\/uploads\/2025\/02\/1H2A4451.jpg\" \/>\n\t<meta property=\"og:image:width\" content=\"1620\" \/>\n\t<meta property=\"og:image:height\" content=\"1080\" \/>\n\t<meta property=\"og:image:type\" content=\"image\/jpeg\" \/>\n<meta name=\"twitter:card\" content=\"summary_large_image\" \/>\n<meta name=\"twitter:label1\" content=\"Gesch\u00e4tzte Lesezeit\" \/>\n\t<meta name=\"twitter:data1\" content=\"1\u00a0Minute\" \/>\n<script type=\"application\/ld+json\" class=\"yoast-schema-graph\">{\"@context\":\"https:\/\/schema.org\",\"@graph\":[{\"@type\":\"WebPage\",\"@id\":\"https:\/\/dwor-hubertus.pl\/noclegi\/\",\"url\":\"https:\/\/dwor-hubertus.pl\/noclegi\/\",\"name\":\"Noclegi - Dw\u00f3r My\u015bliwski Hubertus\",\"isPartOf\":{\"@id\":\"https:\/\/dwor-hubertus.pl\/#website\"},\"primaryImageOfPage\":{\"@id\":\"https:\/\/dwor-hubertus.pl\/noclegi\/#primaryimage\"},\"image\":{\"@id\":\"https:\/\/dwor-hubertus.pl\/noclegi\/#primaryimage\"},\"thumbnailUrl\":\"https:\/\/dwor-hubertus.pl\/wp-content\/uploads\/2025\/02\/1H2A4451.jpg\",\"datePublished\":\"2022-02-11T14:17:58+00:00\",\"dateModified\":\"2025-06-10T10:26:03+00:00\",\"description\":\"Hubertus jest idealnym miejscem zar\u00f3wno dla os\u00f3b indywidualnych i klient\u00f3w biznesowych, kt\u00f3rzy chcieliby odpocz\u0105\u0107 od gwaru miasta. Przytulna atmosfera tego miejsca sprzyja organizowaniu wszelkich imprez integracyjnych dla pracownik\u00f3w firmy, kt\u00f3rzy b\u0119d\u0105 zachwyceni, aby oderwa\u0107 si\u0119 od codziennych trosk i problem\u00f3w.\",\"breadcrumb\":{\"@id\":\"https:\/\/dwor-hubertus.pl\/noclegi\/#breadcrumb\"},\"inLanguage\":\"de\",\"potentialAction\":[{\"@type\":\"ReadAction\",\"target\":[\"https:\/\/dwor-hubertus.pl\/noclegi\/\"]}]},{\"@type\":\"ImageObject\",\"inLanguage\":\"de\",\"@id\":\"https:\/\/dwor-hubertus.pl\/noclegi\/#primaryimage\",\"url\":\"https:\/\/dwor-hubertus.pl\/wp-content\/uploads\/2025\/02\/1H2A4451.jpg\",\"contentUrl\":\"https:\/\/dwor-hubertus.pl\/wp-content\/uploads\/2025\/02\/1H2A4451.jpg\",\"width\":1620,\"height\":1080},{\"@type\":\"BreadcrumbList\",\"@id\":\"https:\/\/dwor-hubertus.pl\/noclegi\/#breadcrumb\",\"itemListElement\":[{\"@type\":\"ListItem\",\"position\":1,\"name\":\"Strona g\u0142\u00f3wna\",\"item\":\"https:\/\/dwor-hubertus.pl\/\"},{\"@type\":\"ListItem\",\"position\":2,\"name\":\"Noclegi\"}]},{\"@type\":\"WebSite\",\"@id\":\"https:\/\/dwor-hubertus.pl\/#website\",\"url\":\"https:\/\/dwor-hubertus.pl\/\",\"name\":\"Dw\u00f3r My\u015bliwski Hubertus\",\"description\":\"Noclegi blisko Opola\",\"publisher\":{\"@id\":\"https:\/\/dwor-hubertus.pl\/#organization\"},\"potentialAction\":[{\"@type\":\"SearchAction\",\"target\":{\"@type\":\"EntryPoint\",\"urlTemplate\":\"https:\/\/dwor-hubertus.pl\/?s={search_term_string}\"},\"query-input\":{\"@type\":\"PropertyValueSpecification\",\"valueRequired\":true,\"valueName\":\"search_term_string\"}}],\"inLanguage\":\"de\"},{\"@type\":\"Organization\",\"@id\":\"https:\/\/dwor-hubertus.pl\/#organization\",\"name\":\"Dw\u00f3r My\u015bliwski Hubertus\",\"url\":\"https:\/\/dwor-hubertus.pl\/\",\"logo\":{\"@type\":\"ImageObject\",\"inLanguage\":\"de\",\"@id\":\"https:\/\/dwor-hubertus.pl\/#\/schema\/logo\/image\/\",\"url\":\"\",\"contentUrl\":\"\",\"caption\":\"Dw\u00f3r My\u015bliwski Hubertus\"},\"image\":{\"@id\":\"https:\/\/dwor-hubertus.pl\/#\/schema\/logo\/image\/\"},\"sameAs\":[\"https:\/\/www.facebook.com\/p\/Ma\u0142a-Osada-Domki-Szczyrk-100040870793864\"]}]}<\/script>\n<!-- \/ Yoast SEO plugin. -->","yoast_head_json":{"title":"Noclegi - Dw\u00f3r My\u015bliwski Hubertus","description":"Hubertus jest idealnym miejscem zar\u00f3wno dla os\u00f3b indywidualnych i klient\u00f3w biznesowych, kt\u00f3rzy chcieliby odpocz\u0105\u0107 od gwaru miasta. Przytulna atmosfera tego miejsca sprzyja organizowaniu wszelkich imprez integracyjnych dla pracownik\u00f3w firmy, kt\u00f3rzy b\u0119d\u0105 zachwyceni, aby oderwa\u0107 si\u0119 od codziennych trosk i problem\u00f3w.","robots":{"index":"index","follow":"follow","max-snippet":"max-snippet:-1","max-image-preview":"max-image-preview:large","max-video-preview":"max-video-preview:-1"},"canonical":"https:\/\/dwor-hubertus.pl\/de\/noclegi\/","og_locale":"de_DE","og_type":"article","og_title":"Noclegi - Dw\u00f3r My\u015bliwski Hubertus","og_description":"Hubertus jest idealnym miejscem zar\u00f3wno dla os\u00f3b indywidualnych i klient\u00f3w biznesowych, kt\u00f3rzy chcieliby odpocz\u0105\u0107 od gwaru miasta. Przytulna atmosfera tego miejsca sprzyja organizowaniu wszelkich imprez integracyjnych dla pracownik\u00f3w firmy, kt\u00f3rzy b\u0119d\u0105 zachwyceni, aby oderwa\u0107 si\u0119 od codziennych trosk i problem\u00f3w.","og_url":"https:\/\/dwor-hubertus.pl\/de\/noclegi\/","og_site_name":"Dw\u00f3r My\u015bliwski Hubertus","article_publisher":"https:\/\/www.facebook.com\/p\/Ma%c5%82a-Osada-Domki-Szczyrk-100040870793864","article_modified_time":"2025-06-10T10:26:03+00:00","og_image":[{"width":1620,"height":1080,"url":"https:\/\/dwor-hubertus.pl\/wp-content\/uploads\/2025\/02\/1H2A4451.jpg","type":"image\/jpeg"}],"twitter_card":"summary_large_image","twitter_misc":{"Gesch\u00e4tzte Lesezeit":"1\u00a0Minute"},"schema":{"@context":"https:\/\/schema.org","@graph":[{"@type":"WebPage","@id":"https:\/\/dwor-hubertus.pl\/noclegi\/","url":"https:\/\/dwor-hubertus.pl\/noclegi\/","name":"Noclegi - Dw\u00f3r My\u015bliwski Hubertus","isPartOf":{"@id":"https:\/\/dwor-hubertus.pl\/#website"},"primaryImageOfPage":{"@id":"https:\/\/dwor-hubertus.pl\/noclegi\/#primaryimage"},"image":{"@id":"https:\/\/dwor-hubertus.pl\/noclegi\/#primaryimage"},"thumbnailUrl":"https:\/\/dwor-hubertus.pl\/wp-content\/uploads\/2025\/02\/1H2A4451.jpg","datePublished":"2022-02-11T14:17:58+00:00","dateModified":"2025-06-10T10:26:03+00:00","description":"Hubertus jest idealnym miejscem zar\u00f3wno dla os\u00f3b indywidualnych i klient\u00f3w biznesowych, kt\u00f3rzy chcieliby odpocz\u0105\u0107 od gwaru miasta. Przytulna atmosfera tego miejsca sprzyja organizowaniu wszelkich imprez integracyjnych dla pracownik\u00f3w firmy, kt\u00f3rzy b\u0119d\u0105 zachwyceni, aby oderwa\u0107 si\u0119 od codziennych trosk i problem\u00f3w.","breadcrumb":{"@id":"https:\/\/dwor-hubertus.pl\/noclegi\/#breadcrumb"},"inLanguage":"de","potentialAction":[{"@type":"ReadAction","target":["https:\/\/dwor-hubertus.pl\/noclegi\/"]}]},{"@type":"ImageObject","inLanguage":"de","@id":"https:\/\/dwor-hubertus.pl\/noclegi\/#primaryimage","url":"https:\/\/dwor-hubertus.pl\/wp-content\/uploads\/2025\/02\/1H2A4451.jpg","contentUrl":"https:\/\/dwor-hubertus.pl\/wp-content\/uploads\/2025\/02\/1H2A4451.jpg","width":1620,"height":1080},{"@type":"BreadcrumbList","@id":"https:\/\/dwor-hubertus.pl\/noclegi\/#breadcrumb","itemListElement":[{"@type":"ListItem","position":1,"name":"Strona g\u0142\u00f3wna","item":"https:\/\/dwor-hubertus.pl\/"},{"@type":"ListItem","position":2,"name":"Noclegi"}]},{"@type":"WebSite","@id":"https:\/\/dwor-hubertus.pl\/#website","url":"https:\/\/dwor-hubertus.pl\/","name":"Dw\u00f3r My\u015bliwski Hubertus","description":"Noclegi blisko Opola","publisher":{"@id":"https:\/\/dwor-hubertus.pl\/#organization"},"potentialAction":[{"@type":"SearchAction","target":{"@type":"EntryPoint","urlTemplate":"https:\/\/dwor-hubertus.pl\/?s={search_term_string}"},"query-input":{"@type":"PropertyValueSpecification","valueRequired":true,"valueName":"search_term_string"}}],"inLanguage":"de"},{"@type":"Organization","@id":"https:\/\/dwor-hubertus.pl\/#organization","name":"Dw\u00f3r My\u015bliwski Hubertus","url":"https:\/\/dwor-hubertus.pl\/","logo":{"@type":"ImageObject","inLanguage":"de","@id":"https:\/\/dwor-hubertus.pl\/#\/schema\/logo\/image\/","url":"","contentUrl":"","caption":"Dw\u00f3r My\u015bliwski Hubertus"},"image":{"@id":"https:\/\/dwor-hubertus.pl\/#\/schema\/logo\/image\/"},"sameAs":["https:\/\/www.facebook.com\/p\/Ma\u0142a-Osada-Domki-Szczyrk-100040870793864"]}]}},"_links":{"self":[{"href":"https:\/\/dwor-hubertus.pl\/de\/wp-json\/wp\/v2\/pages\/603","targetHints":{"allow":["GET"]}}],"collection":[{"href":"https:\/\/dwor-hubertus.pl\/de\/wp-json\/wp\/v2\/pages"}],"about":[{"href":"https:\/\/dwor-hubertus.pl\/de\/wp-json\/wp\/v2\/types\/page"}],"author":[{"embeddable":true,"href":"https:\/\/dwor-hubertus.pl\/de\/wp-json\/wp\/v2\/users\/3"}],"replies":[{"embeddable":true,"href":"https:\/\/dwor-hubertus.pl\/de\/wp-json\/wp\/v2\/comments?post=603"}],"version-history":[{"count":0,"href":"https:\/\/dwor-hubertus.pl\/de\/wp-json\/wp\/v2\/pages\/603\/revisions"}],"wp:featuredmedia":[{"embeddable":true,"href":"https:\/\/dwor-hubertus.pl\/de\/wp-json\/wp\/v2\/media\/1959"}],"wp:attachment":[{"href":"https:\/\/dwor-hubertus.pl\/de\/wp-json\/wp\/v2\/media?parent=603"}],"curies":[{"name":"wp","href":"https:\/\/api.w.org\/{rel}","templated":true}]}}