{"id":16,"date":"2021-12-20T08:27:08","date_gmt":"2021-12-20T07:27:08","guid":{"rendered":"https:\/\/riversea.pl\/?page_id=16"},"modified":"2025-06-26T09:12:19","modified_gmt":"2025-06-26T07:12:19","slug":"galeria","status":"publish","type":"page","link":"https:\/\/dwor-hubertus.pl\/de\/galeria\/","title":{"rendered":"Galerie"},"content":{"rendered":"","protected":false},"excerpt":{"rendered":"","protected":false},"author":3,"featured_media":2042,"parent":0,"menu_order":0,"comment_status":"closed","ping_status":"closed","template":"","meta":{"_acf_changed":false,"footnotes":""},"class_list":["post-16","page","type-page","status-publish","has-post-thumbnail","hentry"],"acf":[],"yoast_head":"<!-- This site is optimized with the Yoast SEO plugin v26.8 - https:\/\/yoast.com\/product\/yoast-seo-wordpress\/ -->\n<title>Galeria - Dw\u00f3r My\u015bliwski Hubertus - Noclegi blisko Opola<\/title>\n<meta name=\"description\" content=\"Zobacz wyj\u0105tkow\u0105 galeri\u0119 Dworu Hubertus \u2013 eleganckie wn\u0119trza, malowniczy ogr\u00f3d i niepowtarzalny klimat. Odkryj pi\u0119kno tego miejsca na zdj\u0119ciach!\" \/>\n<meta name=\"robots\" content=\"index, follow, max-snippet:-1, max-image-preview:large, max-video-preview:-1\" \/>\n<link rel=\"canonical\" href=\"https:\/\/dwor-hubertus.pl\/de\/galeria\/\" \/>\n<meta property=\"og:locale\" content=\"de_DE\" \/>\n<meta property=\"og:type\" content=\"article\" \/>\n<meta property=\"og:title\" content=\"Galeria - Dw\u00f3r My\u015bliwski Hubertus - Noclegi blisko Opola\" \/>\n<meta property=\"og:description\" content=\"Zobacz wyj\u0105tkow\u0105 galeri\u0119 Dworu Hubertus \u2013 eleganckie wn\u0119trza, malowniczy ogr\u00f3d i niepowtarzalny klimat. Odkryj pi\u0119kno tego miejsca na zdj\u0119ciach!\" \/>\n<meta property=\"og:url\" content=\"https:\/\/dwor-hubertus.pl\/de\/galeria\/\" \/>\n<meta property=\"og:site_name\" content=\"Dw\u00f3r My\u015bliwski Hubertus\" \/>\n<meta property=\"article:publisher\" content=\"https:\/\/www.facebook.com\/p\/Ma%c5%82a-Osada-Domki-Szczyrk-100040870793864\" \/>\n<meta property=\"article:modified_time\" content=\"2025-06-26T07:12:19+00:00\" \/>\n<meta property=\"og:image\" content=\"https:\/\/dwor-hubertus.pl\/wp-content\/uploads\/2025\/02\/Magda-Bojan-Reportaz-931-2-e1740146151730.jpg\" \/>\n\t<meta property=\"og:image:width\" content=\"1600\" \/>\n\t<meta property=\"og:image:height\" content=\"940\" \/>\n\t<meta property=\"og:image:type\" content=\"image\/jpeg\" \/>\n<meta name=\"twitter:card\" content=\"summary_large_image\" \/>\n<meta name=\"twitter:label1\" content=\"Gesch\u00e4tzte Lesezeit\" \/>\n\t<meta name=\"twitter:data1\" content=\"2\u00a0Minuten\" \/>\n<script type=\"application\/ld+json\" class=\"yoast-schema-graph\">{\"@context\":\"https:\/\/schema.org\",\"@graph\":[{\"@type\":\"WebPage\",\"@id\":\"https:\/\/dwor-hubertus.pl\/galeria\/\",\"url\":\"https:\/\/dwor-hubertus.pl\/galeria\/\",\"name\":\"Galeria - Dw\u00f3r My\u015bliwski Hubertus - Noclegi blisko Opola\",\"isPartOf\":{\"@id\":\"https:\/\/dwor-hubertus.pl\/#website\"},\"primaryImageOfPage\":{\"@id\":\"https:\/\/dwor-hubertus.pl\/galeria\/#primaryimage\"},\"image\":{\"@id\":\"https:\/\/dwor-hubertus.pl\/galeria\/#primaryimage\"},\"thumbnailUrl\":\"https:\/\/dwor-hubertus.pl\/wp-content\/uploads\/2025\/02\/Magda-Bojan-Reportaz-931-2-e1740146151730.jpg\",\"datePublished\":\"2021-12-20T07:27:08+00:00\",\"dateModified\":\"2025-06-26T07:12:19+00:00\",\"description\":\"Zobacz wyj\u0105tkow\u0105 galeri\u0119 Dworu Hubertus \u2013 eleganckie wn\u0119trza, malowniczy ogr\u00f3d i niepowtarzalny klimat. Odkryj pi\u0119kno tego miejsca na zdj\u0119ciach!\",\"breadcrumb\":{\"@id\":\"https:\/\/dwor-hubertus.pl\/galeria\/#breadcrumb\"},\"inLanguage\":\"de\",\"potentialAction\":[{\"@type\":\"ReadAction\",\"target\":[\"https:\/\/dwor-hubertus.pl\/galeria\/\"]}]},{\"@type\":\"ImageObject\",\"inLanguage\":\"de\",\"@id\":\"https:\/\/dwor-hubertus.pl\/galeria\/#primaryimage\",\"url\":\"https:\/\/dwor-hubertus.pl\/wp-content\/uploads\/2025\/02\/Magda-Bojan-Reportaz-931-2-e1740146151730.jpg\",\"contentUrl\":\"https:\/\/dwor-hubertus.pl\/wp-content\/uploads\/2025\/02\/Magda-Bojan-Reportaz-931-2-e1740146151730.jpg\",\"width\":1600,\"height\":940},{\"@type\":\"BreadcrumbList\",\"@id\":\"https:\/\/dwor-hubertus.pl\/galeria\/#breadcrumb\",\"itemListElement\":[{\"@type\":\"ListItem\",\"position\":1,\"name\":\"Strona g\u0142\u00f3wna\",\"item\":\"https:\/\/dwor-hubertus.pl\/\"},{\"@type\":\"ListItem\",\"position\":2,\"name\":\"Galeria\"}]},{\"@type\":\"WebSite\",\"@id\":\"https:\/\/dwor-hubertus.pl\/#website\",\"url\":\"https:\/\/dwor-hubertus.pl\/\",\"name\":\"Dw\u00f3r My\u015bliwski Hubertus\",\"description\":\"Noclegi blisko Opola\",\"publisher\":{\"@id\":\"https:\/\/dwor-hubertus.pl\/#organization\"},\"potentialAction\":[{\"@type\":\"SearchAction\",\"target\":{\"@type\":\"EntryPoint\",\"urlTemplate\":\"https:\/\/dwor-hubertus.pl\/?s={search_term_string}\"},\"query-input\":{\"@type\":\"PropertyValueSpecification\",\"valueRequired\":true,\"valueName\":\"search_term_string\"}}],\"inLanguage\":\"de\"},{\"@type\":\"Organization\",\"@id\":\"https:\/\/dwor-hubertus.pl\/#organization\",\"name\":\"Dw\u00f3r My\u015bliwski Hubertus\",\"url\":\"https:\/\/dwor-hubertus.pl\/\",\"logo\":{\"@type\":\"ImageObject\",\"inLanguage\":\"de\",\"@id\":\"https:\/\/dwor-hubertus.pl\/#\/schema\/logo\/image\/\",\"url\":\"\",\"contentUrl\":\"\",\"caption\":\"Dw\u00f3r My\u015bliwski Hubertus\"},\"image\":{\"@id\":\"https:\/\/dwor-hubertus.pl\/#\/schema\/logo\/image\/\"},\"sameAs\":[\"https:\/\/www.facebook.com\/p\/Ma\u0142a-Osada-Domki-Szczyrk-100040870793864\"]}]}<\/script>\n<!-- \/ Yoast SEO plugin. -->","yoast_head_json":{"title":"Galeria - Dw\u00f3r My\u015bliwski Hubertus - Noclegi blisko Opola","description":"Zobacz wyj\u0105tkow\u0105 galeri\u0119 Dworu Hubertus \u2013 eleganckie wn\u0119trza, malowniczy ogr\u00f3d i niepowtarzalny klimat. Odkryj pi\u0119kno tego miejsca na zdj\u0119ciach!","robots":{"index":"index","follow":"follow","max-snippet":"max-snippet:-1","max-image-preview":"max-image-preview:large","max-video-preview":"max-video-preview:-1"},"canonical":"https:\/\/dwor-hubertus.pl\/de\/galeria\/","og_locale":"de_DE","og_type":"article","og_title":"Galeria - Dw\u00f3r My\u015bliwski Hubertus - Noclegi blisko Opola","og_description":"Zobacz wyj\u0105tkow\u0105 galeri\u0119 Dworu Hubertus \u2013 eleganckie wn\u0119trza, malowniczy ogr\u00f3d i niepowtarzalny klimat. Odkryj pi\u0119kno tego miejsca na zdj\u0119ciach!","og_url":"https:\/\/dwor-hubertus.pl\/de\/galeria\/","og_site_name":"Dw\u00f3r My\u015bliwski Hubertus","article_publisher":"https:\/\/www.facebook.com\/p\/Ma%c5%82a-Osada-Domki-Szczyrk-100040870793864","article_modified_time":"2025-06-26T07:12:19+00:00","og_image":[{"width":1600,"height":940,"url":"https:\/\/dwor-hubertus.pl\/wp-content\/uploads\/2025\/02\/Magda-Bojan-Reportaz-931-2-e1740146151730.jpg","type":"image\/jpeg"}],"twitter_card":"summary_large_image","twitter_misc":{"Gesch\u00e4tzte Lesezeit":"2\u00a0Minuten"},"schema":{"@context":"https:\/\/schema.org","@graph":[{"@type":"WebPage","@id":"https:\/\/dwor-hubertus.pl\/galeria\/","url":"https:\/\/dwor-hubertus.pl\/galeria\/","name":"Galeria - Dw\u00f3r My\u015bliwski Hubertus - Noclegi blisko Opola","isPartOf":{"@id":"https:\/\/dwor-hubertus.pl\/#website"},"primaryImageOfPage":{"@id":"https:\/\/dwor-hubertus.pl\/galeria\/#primaryimage"},"image":{"@id":"https:\/\/dwor-hubertus.pl\/galeria\/#primaryimage"},"thumbnailUrl":"https:\/\/dwor-hubertus.pl\/wp-content\/uploads\/2025\/02\/Magda-Bojan-Reportaz-931-2-e1740146151730.jpg","datePublished":"2021-12-20T07:27:08+00:00","dateModified":"2025-06-26T07:12:19+00:00","description":"Zobacz wyj\u0105tkow\u0105 galeri\u0119 Dworu Hubertus \u2013 eleganckie wn\u0119trza, malowniczy ogr\u00f3d i niepowtarzalny klimat. Odkryj pi\u0119kno tego miejsca na zdj\u0119ciach!","breadcrumb":{"@id":"https:\/\/dwor-hubertus.pl\/galeria\/#breadcrumb"},"inLanguage":"de","potentialAction":[{"@type":"ReadAction","target":["https:\/\/dwor-hubertus.pl\/galeria\/"]}]},{"@type":"ImageObject","inLanguage":"de","@id":"https:\/\/dwor-hubertus.pl\/galeria\/#primaryimage","url":"https:\/\/dwor-hubertus.pl\/wp-content\/uploads\/2025\/02\/Magda-Bojan-Reportaz-931-2-e1740146151730.jpg","contentUrl":"https:\/\/dwor-hubertus.pl\/wp-content\/uploads\/2025\/02\/Magda-Bojan-Reportaz-931-2-e1740146151730.jpg","width":1600,"height":940},{"@type":"BreadcrumbList","@id":"https:\/\/dwor-hubertus.pl\/galeria\/#breadcrumb","itemListElement":[{"@type":"ListItem","position":1,"name":"Strona g\u0142\u00f3wna","item":"https:\/\/dwor-hubertus.pl\/"},{"@type":"ListItem","position":2,"name":"Galeria"}]},{"@type":"WebSite","@id":"https:\/\/dwor-hubertus.pl\/#website","url":"https:\/\/dwor-hubertus.pl\/","name":"Dw\u00f3r My\u015bliwski Hubertus","description":"Noclegi blisko Opola","publisher":{"@id":"https:\/\/dwor-hubertus.pl\/#organization"},"potentialAction":[{"@type":"SearchAction","target":{"@type":"EntryPoint","urlTemplate":"https:\/\/dwor-hubertus.pl\/?s={search_term_string}"},"query-input":{"@type":"PropertyValueSpecification","valueRequired":true,"valueName":"search_term_string"}}],"inLanguage":"de"},{"@type":"Organization","@id":"https:\/\/dwor-hubertus.pl\/#organization","name":"Dw\u00f3r My\u015bliwski Hubertus","url":"https:\/\/dwor-hubertus.pl\/","logo":{"@type":"ImageObject","inLanguage":"de","@id":"https:\/\/dwor-hubertus.pl\/#\/schema\/logo\/image\/","url":"","contentUrl":"","caption":"Dw\u00f3r My\u015bliwski Hubertus"},"image":{"@id":"https:\/\/dwor-hubertus.pl\/#\/schema\/logo\/image\/"},"sameAs":["https:\/\/www.facebook.com\/p\/Ma\u0142a-Osada-Domki-Szczyrk-100040870793864"]}]}},"_links":{"self":[{"href":"https:\/\/dwor-hubertus.pl\/de\/wp-json\/wp\/v2\/pages\/16","targetHints":{"allow":["GET"]}}],"collection":[{"href":"https:\/\/dwor-hubertus.pl\/de\/wp-json\/wp\/v2\/pages"}],"about":[{"href":"https:\/\/dwor-hubertus.pl\/de\/wp-json\/wp\/v2\/types\/page"}],"author":[{"embeddable":true,"href":"https:\/\/dwor-hubertus.pl\/de\/wp-json\/wp\/v2\/users\/3"}],"replies":[{"embeddable":true,"href":"https:\/\/dwor-hubertus.pl\/de\/wp-json\/wp\/v2\/comments?post=16"}],"version-history":[{"count":0,"href":"https:\/\/dwor-hubertus.pl\/de\/wp-json\/wp\/v2\/pages\/16\/revisions"}],"wp:featuredmedia":[{"embeddable":true,"href":"https:\/\/dwor-hubertus.pl\/de\/wp-json\/wp\/v2\/media\/2042"}],"wp:attachment":[{"href":"https:\/\/dwor-hubertus.pl\/de\/wp-json\/wp\/v2\/media?parent=16"}],"curies":[{"name":"wp","href":"https:\/\/api.w.org\/{rel}","templated":true}]}}